{"id":545,"date":"2024-05-31T13:37:49","date_gmt":"2024-05-31T11:37:49","guid":{"rendered":"https:\/\/animmagic.fr\/blog\/?page_id=545"},"modified":"2024-05-31T13:42:43","modified_gmt":"2024-05-31T11:42:43","slug":"actualites","status":"publish","type":"page","link":"https:\/\/animmagic.fr\/blog\/actualites\/","title":{"rendered":"Actualit\u00e9s"},"content":{"rendered":"\t\t<div data-elementor-type=\"wp-page\" data-elementor-id=\"545\" class=\"elementor elementor-545\">\n\t\t\t\t<div class=\"elementor-element elementor-element-252e3fe e-flex e-con-boxed e-con e-parent\" data-id=\"252e3fe\" data-element_type=\"container\">\n\t\t\t\t\t<div class=\"e-con-inner\">\n\t\t\t\t<div class=\"elementor-element elementor-element-2b629ed meta-visibility-show title_position_default title_hover_border_default title-default img_hover_animation_default meta_position_default readmore-btn-default-style grid-hover-overlay-type-always tpg-el-box-border-enable tpg-border-bottom-disable elementor-widget elementor-widget-tpg-grid-layout\" data-id=\"2b629ed\" data-element_type=\"widget\" data-widget_type=\"tpg-grid-layout.default\">\n\t\t\t\t<div class=\"elementor-widget-container\">\n\t\t\t\t\t<div class=\"rt-container-fluid rt-tpg-container tpg-el-main-wrapper clearfix grid-layout1-main \"\n\t\t\t id=\"rt-tpg-container-3508120967\"\n\t\t\t data-layout=\"grid-layout1\"\n\t\t\t data-grid-style=\"tpg-full-height\"\n\t\t\t data-sc-id=\"elementor\"\n\t\t\t data-el-settings=''\n\t\t\t data-el-query=''\n\t\t\t data-el-path=''\n\t\t>\n\n\t\t\t\t\t\t<div class='tpg-header-wrapper '>\n\t\t\t\t\t\t\t<\/div>\n\n\t\t\t<div data-title=\"Loading ...\" class=\"rt-row rt-content-loader grid-layout1 grid-behaviour tpg-full-height grid_layout_wrapper\">\n\t\t\t\t<div class=\"rt-col-md-4 rt-col-sm-6 rt-col-xs-12 default rt-grid-item post-63 post type-post status-publish format-standard has-post-thumbnail hentry category-actualites tag-acrobates tag-anciens tag-animations tag-anniversaire tag-arbre tag-artistes tag-atelier tag-ballons tag-carricaturiste tag-chanteur tag-chinoises tag-closeup tag-clown tag-creatif tag-culturelle tag-danseurs tag-ecoles tag-en tag-entreprises tag-formations tag-grandes tag-humorise tag-illusions tag-jeune tag-jongleur tag-kermes tag-magicien tag-magicienne tag-magie tag-maquillage tag-maquilleuses tag-mariage tag-mascottes tag-musicien tag-noel tag-ombres tag-optiques tag-pere tag-public tag-repas tag-saison tag-sculpteur tag-seminaire tag-silhouettiste tag-spectacle tag-table tag-teambuilding entry has-media\"\t\tdata-id=\"63\">\n\t<div class=\"rt-holder tpg-post-holder\">\n\t\t<div class=\"rt-detail rt-el-content-wrapper\">\n\t\t\t\t\t\t\t<div class=\"rt-img-holder tpg-el-image-wrap has-thumbnail\">\n\t\t\t\t\t<a data-id=\"63\" href=\"https:\/\/animmagic.fr\/blog\/2023\/03\/23\/anniversaire-de-la-compagnie\/\" class=\"tpg-post-link\" target=\"_self\">\t\t\t\t\t\t<img fetchpriority=\"high\" decoding=\"async\" src=\"https:\/\/animmagic.fr\/blog\/wp-content\/uploads\/2022\/05\/anniversaire-experiance-reseux-professionnel-reference-animmagic-agence-evenement-spectacle-animation-magie-lyon-region-rhone-alpes.jpg\"\n\t\t\t\t\t\t\t class=\"rt-img-responsive\"\n\t\t\t\t\t\t\t width=\"470\"\n\t\t\t\t\t\t\t height=\"470\"\n\t\t\t\t\t\t\t alt=\"f\u00eater vos anniversaires avec des artistes de la compagnie Anim&#039;Magic, expert dans l art de divertir et d&#039;amuser.\">\n\t\t\t\t\t\t\n\t\t\t\t\t\t\t\n\t\t<\/a>\n\t\t\t\t<div class=\"overlay grid-hover-content\"><\/div>\n\t\t\t\t\t\t<\/div>\n\t\t\t\n\t\t\t<div class=\"entry-title-wrapper\"><h3 class=\"entry-title\"><a data-id=\"63\" href=\"https:\/\/animmagic.fr\/blog\/2023\/03\/23\/anniversaire-de-la-compagnie\/\" class=\"tpg-post-link\" target=\"_self\">Anniversaire de la compagnie<\/a><\/h3><\/div>\n\t\t\t\t\t\t\t<div class=\"post-meta-tags rt-el-post-meta\">\n\t\t\t\t\t\t\t\t<span class='date'>\n\t\t\t\t<i class='flaticon-calendar '><\/i>\t\t\t\t<a href=\"https:\/\/animmagic.fr\/blog\/2023\/03\/23\/\">\n\t\t\t\t\t23 mars 2023\t\t\t\t<\/a>\n\t\t\t<\/span>\n\t\t\t\t\t\t\t<\/div>\n\t\t\t\n\n\t\t\t\t\t\t\t<div class=\"tpg-excerpt tpg-el-excerpt\">\n\t\t\t\t\t\t\t\t\t\t\t<div class=\"tpg-excerpt-inner\">\n\t\t\t\t\t\t\tNotre exp\u00e9rience est notre plus grand atout !...\t\t\t\t\t\t<\/div>\n\t\t\t\t\t\t\t\t\t\t\t\t\t\t<\/div>\n\t\t\t\n\t\t\t\t\t<div class=\"post-footer\">\n\t\t\t<div class=\"post-footer\">\n\t\t\t\t<div class=\"read-more\">\n\t\t\t\t\t<a data-id=\"63\" href=\"https:\/\/animmagic.fr\/blog\/2023\/03\/23\/anniversaire-de-la-compagnie\/\" class=\"tpg-post-link\" target=\"_self\">Lire la suite...<\/a>\t\t\t\t<\/div>\n\t\t\t<\/div>\n\t\t<\/div>\n\t\t\t\t<\/div>\n\t<\/div>\n<\/div>\n<div class=\"rt-col-md-4 rt-col-sm-6 rt-col-xs-12 default rt-grid-item post-44 post type-post status-publish format-standard has-post-thumbnail hentry category-actualites tag-acrobates tag-anciens tag-animations tag-anniversaire tag-arbre tag-artistes tag-atelier tag-ballons tag-carricaturiste tag-chanteur tag-chinoises tag-closeup tag-clown tag-creatif tag-culturelle tag-danseurs tag-ecoles tag-en tag-entreprises tag-formations tag-grandes tag-humorise tag-illusions tag-jeune tag-jongleur tag-kermes tag-magicien tag-magicienne tag-magie tag-maquillage tag-maquilleuses tag-mariage tag-mascottes tag-musicien tag-noel tag-ombres tag-optiques tag-pere tag-public tag-repas tag-saison tag-sculpteur tag-seminaire tag-silhouettiste tag-spectacle tag-table tag-teambuilding entry has-media\"\t\tdata-id=\"44\">\n\t<div class=\"rt-holder tpg-post-holder\">\n\t\t<div class=\"rt-detail rt-el-content-wrapper\">\n\t\t\t\t\t\t\t<div class=\"rt-img-holder tpg-el-image-wrap has-thumbnail\">\n\t\t\t\t\t<a data-id=\"44\" href=\"https:\/\/animmagic.fr\/blog\/2022\/05\/31\/changement-de-locaux\/\" class=\"tpg-post-link\" target=\"_self\">\t\t\t\t\t\t<img decoding=\"async\" src=\"https:\/\/animmagic.fr\/blog\/wp-content\/uploads\/2022\/05\/salle-reception-lissieu-reunion-seminaire-salarie-animmagic-agence-evenement-spectacle-animation-magie-lyon-region-rhone-alpes.jpg\"\n\t\t\t\t\t\t\t class=\"rt-img-responsive\"\n\t\t\t\t\t\t\t width=\"470\"\n\t\t\t\t\t\t\t height=\"470\"\n\t\t\t\t\t\t\t alt=\"locaux salle de r\u00e9p\u00e9tition et bureau des artistes de la compagnie \u00e0 Lissieu 69380\">\n\t\t\t\t\t\t\n\t\t\t\t\t\t\t\n\t\t<\/a>\n\t\t\t\t<div class=\"overlay grid-hover-content\"><\/div>\n\t\t\t\t\t\t<\/div>\n\t\t\t\n\t\t\t<div class=\"entry-title-wrapper\"><h3 class=\"entry-title\"><a data-id=\"44\" href=\"https:\/\/animmagic.fr\/blog\/2022\/05\/31\/changement-de-locaux\/\" class=\"tpg-post-link\" target=\"_self\">Changement de locaux<\/a><\/h3><\/div>\n\t\t\t\t\t\t\t<div class=\"post-meta-tags rt-el-post-meta\">\n\t\t\t\t\t\t\t\t<span class='date'>\n\t\t\t\t<i class='flaticon-calendar '><\/i>\t\t\t\t<a href=\"https:\/\/animmagic.fr\/blog\/2022\/05\/31\/\">\n\t\t\t\t\t31 mai 2022\t\t\t\t<\/a>\n\t\t\t<\/span>\n\t\t\t\t\t\t\t<\/div>\n\t\t\t\n\n\t\t\t\t\t\t\t<div class=\"tpg-excerpt tpg-el-excerpt\">\n\t\t\t\t\t\t\t\t\t\t\t<div class=\"tpg-excerpt-inner\">\n\t\t\t\t\t\t\t1 bis all\u00e9e de la Combe 69380 Lissieu...\t\t\t\t\t\t<\/div>\n\t\t\t\t\t\t\t\t\t\t\t\t\t\t<\/div>\n\t\t\t\n\t\t\t\t\t<div class=\"post-footer\">\n\t\t\t<div class=\"post-footer\">\n\t\t\t\t<div class=\"read-more\">\n\t\t\t\t\t<a data-id=\"44\" href=\"https:\/\/animmagic.fr\/blog\/2022\/05\/31\/changement-de-locaux\/\" class=\"tpg-post-link\" target=\"_self\">Lire la suite...<\/a>\t\t\t\t<\/div>\n\t\t\t<\/div>\n\t\t<\/div>\n\t\t\t\t<\/div>\n\t<\/div>\n<\/div>\n\t\t\t<\/div>\n\t\t\t\n\t\t<\/div>\n\t\t\t\t<\/div>\n\t\t\t\t<\/div>\n\t\t\t\t\t<\/div>\n\t\t\t\t<\/div>\n\t\t\t\t<\/div>\n\t\t","protected":false},"excerpt":{"rendered":"<p>Anniversaire de la compagnie 23 mars 2023 Notre exp\u00e9rience est notre plus grand atout !&#8230; Lire la suite&#8230; Changement de locaux 31 mai 2022 1 bis all\u00e9e de la Combe 69380 Lissieu&#8230; Lire la suite&#8230;<\/p>\n","protected":false},"author":1,"featured_media":0,"parent":0,"menu_order":0,"comment_status":"closed","ping_status":"closed","template":"","meta":{"_seopress_robots_primary_cat":"","_seopress_titles_title":"","_seopress_titles_desc":"","_seopress_robots_index":"","ocean_post_layout":"full-screen","ocean_both_sidebars_style":"","ocean_both_sidebars_content_width":0,"ocean_both_sidebars_sidebars_width":0,"ocean_sidebar":"0","ocean_second_sidebar":"0","ocean_disable_margins":"enable","ocean_add_body_class":"","ocean_shortcode_before_top_bar":"","ocean_shortcode_after_top_bar":"","ocean_shortcode_before_header":"","ocean_shortcode_after_header":"","ocean_has_shortcode":"","ocean_shortcode_after_title":"","ocean_shortcode_before_footer_widgets":"","ocean_shortcode_after_footer_widgets":"","ocean_shortcode_before_footer_bottom":"","ocean_shortcode_after_footer_bottom":"","ocean_display_top_bar":"default","ocean_display_header":"default","ocean_header_style":"","ocean_center_header_left_menu":"0","ocean_custom_header_template":"0","ocean_custom_logo":0,"ocean_custom_retina_logo":0,"ocean_custom_logo_max_width":0,"ocean_custom_logo_tablet_max_width":0,"ocean_custom_logo_mobile_max_width":0,"ocean_custom_logo_max_height":0,"ocean_custom_logo_tablet_max_height":0,"ocean_custom_logo_mobile_max_height":0,"ocean_header_custom_menu":"0","ocean_menu_typo_font_family":"0","ocean_menu_typo_font_subset":"","ocean_menu_typo_font_size":0,"ocean_menu_typo_font_size_tablet":0,"ocean_menu_typo_font_size_mobile":0,"ocean_menu_typo_font_size_unit":"px","ocean_menu_typo_font_weight":"","ocean_menu_typo_font_weight_tablet":"","ocean_menu_typo_font_weight_mobile":"","ocean_menu_typo_transform":"","ocean_menu_typo_transform_tablet":"","ocean_menu_typo_transform_mobile":"","ocean_menu_typo_line_height":0,"ocean_menu_typo_line_height_tablet":0,"ocean_menu_typo_line_height_mobile":0,"ocean_menu_typo_line_height_unit":"","ocean_menu_typo_spacing":0,"ocean_menu_typo_spacing_tablet":0,"ocean_menu_typo_spacing_mobile":0,"ocean_menu_typo_spacing_unit":"","ocean_menu_link_color":"","ocean_menu_link_color_hover":"","ocean_menu_link_color_active":"","ocean_menu_link_background":"","ocean_menu_link_hover_background":"","ocean_menu_link_active_background":"","ocean_menu_social_links_bg":"","ocean_menu_social_hover_links_bg":"","ocean_menu_social_links_color":"","ocean_menu_social_hover_links_color":"","ocean_disable_title":"default","ocean_disable_heading":"default","ocean_post_title":"","ocean_post_subheading":"","ocean_post_title_style":"background-image","ocean_post_title_background_color":"","ocean_post_title_background":425,"ocean_post_title_bg_image_position":"center center","ocean_post_title_bg_image_attachment":"fixed","ocean_post_title_bg_image_repeat":"","ocean_post_title_bg_image_size":"cover","ocean_post_title_height":0,"ocean_post_title_bg_overlay":0.1,"ocean_post_title_bg_overlay_color":"","ocean_disable_breadcrumbs":"default","ocean_breadcrumbs_color":"","ocean_breadcrumbs_separator_color":"","ocean_breadcrumbs_links_color":"","ocean_breadcrumbs_links_hover_color":"","ocean_display_footer_widgets":"default","ocean_display_footer_bottom":"default","ocean_custom_footer_template":"0","footnotes":""},"class_list":["post-545","page","type-page","status-publish","hentry","entry","has-media"],"rttpg_featured_image_url":null,"rttpg_author":{"display_name":"HeleneP69650AM","author_link":"https:\/\/animmagic.fr\/blog\/author\/helenep69650am\/"},"rttpg_comment":0,"rttpg_category":"","rttpg_excerpt":"Anniversaire de la compagnie 23 mars 2023 Notre exp\u00e9rience est notre plus grand atout !&#8230; Lire la suite&#8230; Changement de locaux 31 mai 2022 1 bis all\u00e9e de la Combe 69380 Lissieu&#8230; Lire la suite&#8230;","_links":{"self":[{"href":"https:\/\/animmagic.fr\/blog\/wp-json\/wp\/v2\/pages\/545","targetHints":{"allow":["GET"]}}],"collection":[{"href":"https:\/\/animmagic.fr\/blog\/wp-json\/wp\/v2\/pages"}],"about":[{"href":"https:\/\/animmagic.fr\/blog\/wp-json\/wp\/v2\/types\/page"}],"author":[{"embeddable":true,"href":"https:\/\/animmagic.fr\/blog\/wp-json\/wp\/v2\/users\/1"}],"replies":[{"embeddable":true,"href":"https:\/\/animmagic.fr\/blog\/wp-json\/wp\/v2\/comments?post=545"}],"version-history":[{"count":4,"href":"https:\/\/animmagic.fr\/blog\/wp-json\/wp\/v2\/pages\/545\/revisions"}],"predecessor-version":[{"id":563,"href":"https:\/\/animmagic.fr\/blog\/wp-json\/wp\/v2\/pages\/545\/revisions\/563"}],"wp:attachment":[{"href":"https:\/\/animmagic.fr\/blog\/wp-json\/wp\/v2\/media?parent=545"}],"curies":[{"name":"wp","href":"https:\/\/api.w.org\/{rel}","templated":true}]}}